{"id":42721,"date":"2013-08-08T12:36:03","date_gmt":"2013-08-08T10:36:03","guid":{"rendered":"http:\/\/ingeborgmatula.com\/de\/gallery\/"},"modified":"2026-03-30T12:36:02","modified_gmt":"2026-03-30T10:36:02","slug":"galerie","status":"publish","type":"page","link":"https:\/\/ingeborgmatula.com\/de\/galerie\/","title":{"rendered":"Online Galerie"},"content":{"rendered":"<div class=\"wpb-content-wrapper\"><p>[vc_row][vc_column][vc_column_text css=&#8220;.vc_custom_1621282413393{margin-bottom: 14px !important;}&#8220;]<\/p>\n<h4>Willkommen in meiner Online Galerie!<\/h4>\n<p>[\/vc_column_text][\/vc_column][\/vc_row][vc_row margin_bottom=&#8220;20&#8243; css=&#8220;.vc_custom_1620753424260{margin-bottom: 20px !important;}&#8220;][vc_column width=&#8220;1\/2&#8243;][vc_column_text]In meiner nun mehr als 20-j\u00e4hrigen k\u00fcnstlerischen T\u00e4tigkeit als Malerin entstanden \u00fcber 300 Werke in den verschiedensten Maltechniken, Stilen und Kategorien. Um Ihnen einen Eindruck von der Vielf\u00e4ltigkeit meiner Arbeit zu geben, habe ich eine spezielle Auswahl an Bildern in meiner Online-Galerie bereitgestellt.[\/vc_column_text][\/vc_column][vc_column width=&#8220;1\/2&#8243;][vc_column_text]Tauchen Sie ein in meine pers\u00f6nliche Welt der Farben und Emotionen. Lassen Sie sich von meiner Kunst inspirieren und erfreuen Sie sich an den vorgestellten Exponaten.<\/p>\n<p><strong>Viel Spa\u00df und Freude!<\/strong>[\/vc_column_text][\/vc_column][\/vc_row][vc_row css_animation=&#8220;fadeIn&#8220; type=&#8220;4&#8243; animation=&#8220;fadeIn&#8220; margin_top=&#8220;10&#8243; margin_bottom=&#8220;10&#8243; padding_top=&#8220;40&#8243; padding_bottom=&#8220;40&#8243; css=&#8220;.vc_custom_1620756544616{background-color: #ededed !important;border-radius: 5px !important;}&#8220;][vc_column][vc_row_inner css=&#8220;.vc_custom_1486744182123{margin-top: 20px !important;}&#8220;][vc_column_inner][vc_column_text css=&#8220;.vc_custom_1774866953374{margin-bottom: 14px !important;}&#8220;]<\/p>\n<h4>Online Ausstellung 2026: &#8222;Farbakzente bewusst dosiert&#8220;<\/h4>\n<p>[\/vc_column_text][\/vc_column_inner][\/vc_row_inner][vc_row_inner][vc_column_inner][vc_column_text]In meiner Online-Ausstellung gibt es das ganze Jahr \u00fcber eine wechselnde Zusammenstellung einiger ausgew\u00e4hlter Bilder.[\/vc_column_text][vc_column_text][\/vc_column_text][\/vc_column_inner][\/vc_row_inner][vc_empty_space height=&#8220;30px&#8220;]<div class=\"wf-container dt-gallery-container dt-photos-shortcode loading-effect-none iso-grid jg-container description-on-hover hover-style-two hover-fade content-align-centre\" data-padding=\"1px\" data-cur-page=\"1\" data-target-height=\"240px\"><div class=\"wf-cell\" data-post-id=\"51444\" data-date=\"2025-01-08T13:26:41+01:00\" data-name=\"J\u00f6kuls\u00e0rl\u00f3n glacier Island V   Oil-Canvas   60 x 60 cm\">\n<article class=\"post post-51444 attachment type-attachment status-inherit hentry no-img description-off\">\n\n\t<figure class=\"rollover-project links-hovers-disabled\">\n\t<a href=\"https:\/\/ingeborgmatula.com\/wp-content\/uploads\/2021\/04\/Joekulsarlon-glacier-Island-V-Oil-Canvas-60-x-60-cm.jpg\" class=\"rollover rollover-zoom dt-pswp-item layzr-bg\" title=\"J\u00f6kuls\u00e0rl\u00f3n glacier Island V   Oil-Canvas   60 x 60 cm\" data-dt-img-description=\"\"  data-large_image_width=\"2560\" data-large_image_height = \"2547\" ><img fetchpriority=\"high\" decoding=\"async\" class=\"preload-me jgrid-lazy-load aspect\" src=\"data:image\/svg+xml,%3Csvg%20xmlns%3D&#39;http%3A%2F%2Fwww.w3.org%2F2000%2Fsvg&#39;%20viewBox%3D&#39;0%200%20314%20312&#39;%2F%3E\" data-src=\"https:\/\/ingeborgmatula.com\/wp-content\/uploads\/2021\/04\/Joekulsarlon-glacier-Island-V-Oil-Canvas-60-x-60-cm-314x312.jpg\" data-srcset=\"https:\/\/ingeborgmatula.com\/wp-content\/uploads\/2021\/04\/Joekulsarlon-glacier-Island-V-Oil-Canvas-60-x-60-cm-314x312.jpg 314w, https:\/\/ingeborgmatula.com\/wp-content\/uploads\/2021\/04\/Joekulsarlon-glacier-Island-V-Oil-Canvas-60-x-60-cm-628x624.jpg 628w\" loading=\"eager\" style=\"--ratio: 314 \/ 312\" sizes=\"(max-width: 314px) 100vw, 314px\" alt=\"\" width=\"314\" height=\"312\"  \/><\/a>\t<\/figure>\n<\/article>\n\n<\/div><div class=\"wf-cell\" data-post-id=\"51231\" data-date=\"2023-06-09T14:44:59+02:00\" data-name=\"Ice Floes from  Jo\u0308kulsa\u0300rlo\u0301n glacier Swimming in the sea   Oil\/Canvas   100 x 80 cm\">\n<article class=\"post post-51231 attachment type-attachment status-inherit hentry no-img description-off\">\n\n\t<figure class=\"rollover-project links-hovers-disabled\">\n\t<a href=\"https:\/\/ingeborgmatula.com\/wp-content\/uploads\/2021\/04\/Ice-Floes-from-Joekulsarlon-glacier-Swimming-in-the-sea-Oil-Canvas-100-x-80-cm-scaled.jpeg\" class=\"rollover rollover-zoom dt-pswp-item layzr-bg\" title=\"Ice Floes from  Jo\u0308kulsa\u0300rlo\u0301n glacier Swimming in the sea   Oil\/Canvas   100 x 80 cm\" data-dt-img-description=\"\"  data-large_image_width=\"2030\" data-large_image_height = \"2560\" ><img decoding=\"async\" class=\"preload-me jgrid-lazy-load aspect\" src=\"data:image\/svg+xml,%3Csvg%20xmlns%3D&#39;http%3A%2F%2Fwww.w3.org%2F2000%2Fsvg&#39;%20viewBox%3D&#39;0%200%20247%20312&#39;%2F%3E\" data-src=\"https:\/\/ingeborgmatula.com\/wp-content\/uploads\/2021\/04\/Ice-Floes-from-Joekulsarlon-glacier-Swimming-in-the-sea-Oil-Canvas-100-x-80-cm-scaled-247x312.jpeg\" data-srcset=\"https:\/\/ingeborgmatula.com\/wp-content\/uploads\/2021\/04\/Ice-Floes-from-Joekulsarlon-glacier-Swimming-in-the-sea-Oil-Canvas-100-x-80-cm-scaled-247x312.jpeg 247w, https:\/\/ingeborgmatula.com\/wp-content\/uploads\/2021\/04\/Ice-Floes-from-Joekulsarlon-glacier-Swimming-in-the-sea-Oil-Canvas-100-x-80-cm-scaled-494x624.jpeg 494w\" loading=\"eager\" style=\"--ratio: 247 \/ 312\" sizes=\"(max-width: 247px) 100vw, 247px\" alt=\"\" width=\"247\" height=\"312\"  \/><\/a>\t<\/figure>\n<\/article>\n\n<\/div><div class=\"wf-cell\" data-post-id=\"51244\" data-date=\"2023-06-09T14:55:12+02:00\" data-name=\"Jo\u0308kulsa\u0300rlo\u0301n glacier IV  Oil\/Canvas  80 x 120 cm\">\n<article class=\"post post-51244 attachment type-attachment status-inherit hentry no-img description-off\">\n\n\t<figure class=\"rollover-project links-hovers-disabled\">\n\t<a href=\"https:\/\/ingeborgmatula.com\/wp-content\/uploads\/2021\/04\/Joekulsarlon-glacier-IV-Oil-Canvas-80-x-120-cm.jpeg\" class=\"rollover rollover-zoom dt-pswp-item layzr-bg\" title=\"Jo\u0308kulsa\u0300rlo\u0301n glacier IV  Oil\/Canvas  80 x 120 cm\" data-dt-img-description=\"\"  data-large_image_width=\"2236\" data-large_image_height = \"1478\" ><img decoding=\"async\" class=\"preload-me jgrid-lazy-load aspect\" src=\"data:image\/svg+xml,%3Csvg%20xmlns%3D&#39;http%3A%2F%2Fwww.w3.org%2F2000%2Fsvg&#39;%20viewBox%3D&#39;0%200%20472%20312&#39;%2F%3E\" data-src=\"https:\/\/ingeborgmatula.com\/wp-content\/uploads\/2021\/04\/Joekulsarlon-glacier-IV-Oil-Canvas-80-x-120-cm-472x312.jpeg\" data-srcset=\"https:\/\/ingeborgmatula.com\/wp-content\/uploads\/2021\/04\/Joekulsarlon-glacier-IV-Oil-Canvas-80-x-120-cm-472x312.jpeg 472w, https:\/\/ingeborgmatula.com\/wp-content\/uploads\/2021\/04\/Joekulsarlon-glacier-IV-Oil-Canvas-80-x-120-cm-944x624.jpeg 944w\" loading=\"eager\" style=\"--ratio: 472 \/ 312\" sizes=\"(max-width: 472px) 100vw, 472px\" alt=\"\" width=\"472\" height=\"312\"  \/><\/a>\t<\/figure>\n<\/article>\n\n<\/div><div class=\"wf-cell\" data-post-id=\"51248\" data-date=\"2023-06-09T15:03:13+02:00\" data-name=\"Trendy Lady   \u00d6l\/LW   60 x 50 cm\">\n<article class=\"post post-51248 attachment type-attachment status-inherit hentry no-img description-off\">\n\n\t<figure class=\"rollover-project links-hovers-disabled\">\n\t<a href=\"https:\/\/ingeborgmatula.com\/wp-content\/uploads\/2021\/04\/Trendy-Lady-Oel-LW-60-x-50-cm-scaled.jpeg\" class=\"rollover rollover-zoom dt-pswp-item layzr-bg\" title=\"Trendy Lady   \u00d6l\/LW   60 x 50 cm\" data-dt-img-description=\"\"  data-large_image_width=\"2144\" data-large_image_height = \"2560\" ><img decoding=\"async\" class=\"preload-me jgrid-lazy-load aspect\" src=\"data:image\/svg+xml,%3Csvg%20xmlns%3D&#39;http%3A%2F%2Fwww.w3.org%2F2000%2Fsvg&#39;%20viewBox%3D&#39;0%200%20261%20312&#39;%2F%3E\" data-src=\"https:\/\/ingeborgmatula.com\/wp-content\/uploads\/2021\/04\/Trendy-Lady-Oel-LW-60-x-50-cm-scaled-261x312.jpeg\" data-srcset=\"https:\/\/ingeborgmatula.com\/wp-content\/uploads\/2021\/04\/Trendy-Lady-Oel-LW-60-x-50-cm-scaled-261x312.jpeg 261w, https:\/\/ingeborgmatula.com\/wp-content\/uploads\/2021\/04\/Trendy-Lady-Oel-LW-60-x-50-cm-scaled-522x624.jpeg 522w\" loading=\"eager\" style=\"--ratio: 261 \/ 312\" sizes=\"(max-width: 261px) 100vw, 261px\" alt=\"\" width=\"261\" height=\"312\"  \/><\/a>\t<\/figure>\n<\/article>\n\n<\/div><div class=\"wf-cell\" data-post-id=\"51252\" data-date=\"2023-06-20T08:21:51+02:00\" data-name=\"Portrait Lady in Red - Pop Art   \u00d6l\/LW   60 x 40 cm\">\n<article class=\"post post-51252 attachment type-attachment status-inherit hentry no-img description-off\">\n\n\t<figure class=\"rollover-project links-hovers-disabled\">\n\t<a href=\"https:\/\/ingeborgmatula.com\/wp-content\/uploads\/2021\/04\/Portrait-Lady-in-Red-Pop-Art-Oel-LW-60-x-40-cm-scaled.jpeg\" class=\"rollover rollover-zoom dt-pswp-item layzr-bg\" title=\"Portrait Lady in Red &#8211; Pop Art   \u00d6l\/LW   60 x 40 cm\" data-dt-img-description=\"\"  data-large_image_width=\"1698\" data-large_image_height = \"2560\" ><img decoding=\"async\" class=\"preload-me jgrid-lazy-load aspect\" src=\"data:image\/svg+xml,%3Csvg%20xmlns%3D&#39;http%3A%2F%2Fwww.w3.org%2F2000%2Fsvg&#39;%20viewBox%3D&#39;0%200%20207%20312&#39;%2F%3E\" data-src=\"https:\/\/ingeborgmatula.com\/wp-content\/uploads\/2021\/04\/Portrait-Lady-in-Red-Pop-Art-Oel-LW-60-x-40-cm-scaled-207x312.jpeg\" data-srcset=\"https:\/\/ingeborgmatula.com\/wp-content\/uploads\/2021\/04\/Portrait-Lady-in-Red-Pop-Art-Oel-LW-60-x-40-cm-scaled-207x312.jpeg 207w, https:\/\/ingeborgmatula.com\/wp-content\/uploads\/2021\/04\/Portrait-Lady-in-Red-Pop-Art-Oel-LW-60-x-40-cm-scaled-414x624.jpeg 414w\" loading=\"eager\" style=\"--ratio: 207 \/ 312\" sizes=\"(max-width: 207px) 100vw, 207px\" alt=\"\" width=\"207\" height=\"312\"  \/><\/a>\t<\/figure>\n<\/article>\n\n<\/div><div class=\"wf-cell\" data-post-id=\"51437\" data-date=\"2025-01-08T13:15:48+01:00\" data-name=\"Beauty in red velvet dress   Oil\/Canvas  60 x 50 cm\">\n<article class=\"post post-51437 attachment type-attachment status-inherit hentry no-img description-off\">\n\n\t<figure class=\"rollover-project links-hovers-disabled\">\n\t<a href=\"https:\/\/ingeborgmatula.com\/wp-content\/uploads\/2021\/04\/Beauty-in-red-velvet-dress-Oil-Canvas-60-x-50-cm-scaled.jpg\" class=\"rollover rollover-zoom dt-pswp-item layzr-bg\" title=\"Beauty in red velvet dress   Oil\/Canvas  60 x 50 cm\" data-dt-img-description=\"\"  data-large_image_width=\"2120\" data-large_image_height = \"2560\" ><img decoding=\"async\" class=\"preload-me jgrid-lazy-load aspect\" src=\"data:image\/svg+xml,%3Csvg%20xmlns%3D&#39;http%3A%2F%2Fwww.w3.org%2F2000%2Fsvg&#39;%20viewBox%3D&#39;0%200%20258%20312&#39;%2F%3E\" data-src=\"https:\/\/ingeborgmatula.com\/wp-content\/uploads\/2021\/04\/Beauty-in-red-velvet-dress-Oil-Canvas-60-x-50-cm-scaled-258x312.jpg\" data-srcset=\"https:\/\/ingeborgmatula.com\/wp-content\/uploads\/2021\/04\/Beauty-in-red-velvet-dress-Oil-Canvas-60-x-50-cm-scaled-258x312.jpg 258w, https:\/\/ingeborgmatula.com\/wp-content\/uploads\/2021\/04\/Beauty-in-red-velvet-dress-Oil-Canvas-60-x-50-cm-scaled-516x624.jpg 516w\" loading=\"eager\" style=\"--ratio: 258 \/ 312\" sizes=\"(max-width: 258px) 100vw, 258px\" alt=\"\" width=\"258\" height=\"312\"  \/><\/a>\t<\/figure>\n<\/article>\n\n<\/div><div class=\"wf-cell\" data-post-id=\"42820\" data-date=\"2014-04-30T12:00:29+02:00\" data-name=\"Selbstportrait mit rotem Borsalino \u00d6l\/LW 50 x 60 cm\">\n<article class=\"post post-42820 attachment type-attachment status-inherit hentry attachment_category-portrait-de attachment_category-148 no-img description-off\">\n\n\t<figure class=\"rollover-project links-hovers-disabled\">\n\t<a href=\"https:\/\/ingeborgmatula.com\/wp-content\/uploads\/2016\/02\/Portrait-IMG_2595-scaled.jpg\" class=\"rollover rollover-zoom dt-pswp-item layzr-bg\" title=\"Selbstportrait mit rotem Borsalino \u00d6l\/LW 50 x 60 cm\" data-dt-img-description=\"\"  data-large_image_width=\"2560\" data-large_image_height = \"2157\" ><img decoding=\"async\" class=\"preload-me jgrid-lazy-load aspect\" src=\"data:image\/svg+xml,%3Csvg%20xmlns%3D&#39;http%3A%2F%2Fwww.w3.org%2F2000%2Fsvg&#39;%20viewBox%3D&#39;0%200%20370%20312&#39;%2F%3E\" data-src=\"https:\/\/ingeborgmatula.com\/wp-content\/uploads\/2016\/02\/Portrait-IMG_2595-scaled-370x312.jpg\" data-srcset=\"https:\/\/ingeborgmatula.com\/wp-content\/uploads\/2016\/02\/Portrait-IMG_2595-scaled-370x312.jpg 370w, https:\/\/ingeborgmatula.com\/wp-content\/uploads\/2016\/02\/Portrait-IMG_2595-scaled-740x624.jpg 740w\" loading=\"eager\" style=\"--ratio: 370 \/ 312\" sizes=\"(max-width: 370px) 100vw, 370px\" alt=\"\" width=\"370\" height=\"312\"  \/><\/a>\t<\/figure>\n<\/article>\n\n<\/div><div class=\"wf-cell\" data-post-id=\"51443\" data-date=\"2025-01-08T13:23:35+01:00\" data-name=\"Blueberries Oil-Canvas 60 x 60 cm\">\n<article class=\"post post-51443 attachment type-attachment status-inherit hentry no-img description-off\">\n\n\t<figure class=\"rollover-project links-hovers-disabled\">\n\t<a href=\"https:\/\/ingeborgmatula.com\/wp-content\/uploads\/2021\/04\/Blueberries-Oil-Canvas-60-x-60-cm.jpg\" class=\"rollover rollover-zoom dt-pswp-item layzr-bg\" title=\"Blueberries Oil-Canvas 60 x 60 cm\" data-dt-img-description=\"\"  data-large_image_width=\"2560\" data-large_image_height = \"2560\" ><img decoding=\"async\" class=\"preload-me jgrid-lazy-load aspect\" src=\"data:image\/svg+xml,%3Csvg%20xmlns%3D&#39;http%3A%2F%2Fwww.w3.org%2F2000%2Fsvg&#39;%20viewBox%3D&#39;0%200%20312%20312&#39;%2F%3E\" data-src=\"https:\/\/ingeborgmatula.com\/wp-content\/uploads\/2021\/04\/Blueberries-Oil-Canvas-60-x-60-cm-312x312.jpg\" data-srcset=\"https:\/\/ingeborgmatula.com\/wp-content\/uploads\/2021\/04\/Blueberries-Oil-Canvas-60-x-60-cm-312x312.jpg 312w, https:\/\/ingeborgmatula.com\/wp-content\/uploads\/2021\/04\/Blueberries-Oil-Canvas-60-x-60-cm-624x624.jpg 624w\" loading=\"eager\" style=\"--ratio: 312 \/ 312\" sizes=\"(max-width: 312px) 100vw, 312px\" alt=\"\" width=\"312\" height=\"312\"  \/><\/a>\t<\/figure>\n<\/article>\n\n<\/div><div class=\"wf-cell\" data-post-id=\"51433\" data-date=\"2025-01-08T13:09:08+01:00\" data-name=\"Ile St. Pierre Seychelles Oil-Canvas 80 x 120 cm\">\n<article class=\"post post-51433 attachment type-attachment status-inherit hentry no-img description-off\">\n\n\t<figure class=\"rollover-project links-hovers-disabled\">\n\t<a href=\"https:\/\/ingeborgmatula.com\/wp-content\/uploads\/2021\/04\/Ile-St.-Pierre-Seychelles-Oil-Canvas-80-x-120-cm.jpg\" class=\"rollover rollover-zoom dt-pswp-item layzr-bg\" title=\"Ile St. Pierre Seychelles Oil-Canvas 80 x 120 cm\" data-dt-img-description=\"\"  data-large_image_width=\"2560\" data-large_image_height = \"1709\" ><img decoding=\"async\" class=\"preload-me jgrid-lazy-load aspect\" src=\"data:image\/svg+xml,%3Csvg%20xmlns%3D&#39;http%3A%2F%2Fwww.w3.org%2F2000%2Fsvg&#39;%20viewBox%3D&#39;0%200%20467%20312&#39;%2F%3E\" data-src=\"https:\/\/ingeborgmatula.com\/wp-content\/uploads\/2021\/04\/Ile-St.-Pierre-Seychelles-Oil-Canvas-80-x-120-cm-467x312.jpg\" data-srcset=\"https:\/\/ingeborgmatula.com\/wp-content\/uploads\/2021\/04\/Ile-St.-Pierre-Seychelles-Oil-Canvas-80-x-120-cm-467x312.jpg 467w, https:\/\/ingeborgmatula.com\/wp-content\/uploads\/2021\/04\/Ile-St.-Pierre-Seychelles-Oil-Canvas-80-x-120-cm-934x624.jpg 934w\" loading=\"eager\" style=\"--ratio: 467 \/ 312\" sizes=\"(max-width: 467px) 100vw, 467px\" alt=\"\" width=\"467\" height=\"312\"  \/><\/a>\t<\/figure>\n<\/article>\n\n<\/div><div class=\"wf-cell\" data-post-id=\"51239\" data-date=\"2023-06-09T14:51:24+02:00\" data-name=\"Wasserspiele   O\u0308l\/LW   80 x 100 cm\">\n<article class=\"post post-51239 attachment type-attachment status-inherit hentry no-img description-off\">\n\n\t<figure class=\"rollover-project links-hovers-disabled\">\n\t<a href=\"https:\/\/ingeborgmatula.com\/wp-content\/uploads\/2021\/04\/Wasserspiele-Oel-LW-80-x-100-cm.jpeg\" class=\"rollover rollover-zoom dt-pswp-item layzr-bg\" title=\"Wasserspiele   O\u0308l\/LW   80 x 100 cm\" data-dt-img-description=\"\"  data-large_image_width=\"2560\" data-large_image_height = \"2021\" ><img decoding=\"async\" class=\"preload-me jgrid-lazy-load aspect\" src=\"data:image\/svg+xml,%3Csvg%20xmlns%3D&#39;http%3A%2F%2Fwww.w3.org%2F2000%2Fsvg&#39;%20viewBox%3D&#39;0%200%20395%20312&#39;%2F%3E\" data-src=\"https:\/\/ingeborgmatula.com\/wp-content\/uploads\/2021\/04\/Wasserspiele-Oel-LW-80-x-100-cm-395x312.jpeg\" data-srcset=\"https:\/\/ingeborgmatula.com\/wp-content\/uploads\/2021\/04\/Wasserspiele-Oel-LW-80-x-100-cm-395x312.jpeg 395w, https:\/\/ingeborgmatula.com\/wp-content\/uploads\/2021\/04\/Wasserspiele-Oel-LW-80-x-100-cm-790x624.jpeg 790w\" loading=\"eager\" style=\"--ratio: 395 \/ 312\" sizes=\"(max-width: 395px) 100vw, 395px\" alt=\"\" width=\"395\" height=\"312\"  \/><\/a>\t<\/figure>\n<\/article>\n\n<\/div><\/div>[vc_empty_space height=&#8220;14px&#8220;][\/vc_column][\/vc_row][vc_row margin_top=&#8220;30&#8243;][vc_column][vc_empty_space height=&#8220;30px&#8220;][vc_column_text css=&#8220;.vc_custom_1486744061931{margin-bottom: 14px !important;}&#8220;]<\/p>\n<h4>Bilderverzeichnis\u00a0in\u00a0Kategorien!<\/h4>\n<p>[\/vc_column_text][\/vc_column][\/vc_row]<\/p>\n<\/div>","protected":false},"excerpt":{"rendered":"<p>[vc_row][vc_column][vc_column_text css=&#8220;.vc_custom_1621282413393{margin-bottom: 14px !important;}&#8220;] Willkommen in meiner Online Galerie! [\/vc_column_text][\/vc_column][\/vc_row][vc_row margin_bottom=&#8220;20&#8243; css=&#8220;.vc_custom_1620753424260{margin-bottom: 20px !important;}&#8220;][vc_column width=&#8220;1\/2&#8243;][vc_column_text]In meiner nun mehr als 20-j\u00e4hrigen k\u00fcnstlerischen T\u00e4tigkeit als Malerin entstanden \u00fcber 300 Werke in den verschiedensten Maltechniken, Stilen und Kategorien. Um Ihnen einen Eindruck von der Vielf\u00e4ltigkeit meiner Arbeit zu geben, habe ich eine spezielle Auswahl an Bildern in meiner&hellip;<\/p>\n","protected":false},"author":1,"featured_media":0,"parent":0,"menu_order":1,"comment_status":"closed","ping_status":"closed","template":"template-albums.php","meta":{"footnotes":""},"class_list":["post-42721","page","type-page","status-publish","hentry","description-off"],"yoast_head":"<!-- This site is optimized with the Yoast SEO plugin v27.3 - https:\/\/yoast.com\/product\/yoast-seo-wordpress\/ -->\n<title>Ingeborg Matula - Online Galerie<\/title>\n<meta name=\"robots\" content=\"index, follow, max-snippet:-1, max-image-preview:large, max-video-preview:-1\" \/>\n<link rel=\"canonical\" href=\"https:\/\/ingeborgmatula.com\/de\/galerie\/\" \/>\n<meta property=\"og:locale\" content=\"de_DE\" \/>\n<meta property=\"og:type\" content=\"article\" \/>\n<meta property=\"og:title\" content=\"Ingeborg Matula - Online Galerie\" \/>\n<meta property=\"og:description\" content=\"[vc_row][vc_column][vc_column_text css=&#8220;.vc_custom_1621282413393{margin-bottom: 14px !important;}&#8220;] Willkommen in meiner Online Galerie! [\/vc_column_text][\/vc_column][\/vc_row][vc_row margin_bottom=&#8220;20&#8243; css=&#8220;.vc_custom_1620753424260{margin-bottom: 20px !important;}&#8220;][vc_column width=&#8220;1\/2&#8243;][vc_column_text]In meiner nun mehr als 20-j\u00e4hrigen k\u00fcnstlerischen T\u00e4tigkeit als Malerin entstanden \u00fcber 300 Werke in den verschiedensten Maltechniken, Stilen und Kategorien. Um Ihnen einen Eindruck von der Vielf\u00e4ltigkeit meiner Arbeit zu geben, habe ich eine spezielle Auswahl an Bildern in meiner&hellip;\" \/>\n<meta property=\"og:url\" content=\"https:\/\/ingeborgmatula.com\/de\/galerie\/\" \/>\n<meta property=\"og:site_name\" content=\"Ingeborg Matula\" \/>\n<meta property=\"article:modified_time\" content=\"2026-03-30T10:36:02+00:00\" \/>\n<meta name=\"twitter:card\" content=\"summary_large_image\" \/>\n<meta name=\"twitter:label1\" content=\"Gesch\u00e4tzte Lesezeit\" \/>\n\t<meta name=\"twitter:data1\" content=\"1\u00a0Minute\" \/>\n<script type=\"application\/ld+json\" class=\"yoast-schema-graph\">{\"@context\":\"https:\\\/\\\/schema.org\",\"@graph\":[{\"@type\":\"WebPage\",\"@id\":\"https:\\\/\\\/ingeborgmatula.com\\\/de\\\/galerie\\\/\",\"url\":\"https:\\\/\\\/ingeborgmatula.com\\\/de\\\/galerie\\\/\",\"name\":\"Ingeborg Matula - Online Galerie\",\"isPartOf\":{\"@id\":\"https:\\\/\\\/ingeborgmatula.com\\\/de\\\/#website\"},\"datePublished\":\"2013-08-08T10:36:03+00:00\",\"dateModified\":\"2026-03-30T10:36:02+00:00\",\"breadcrumb\":{\"@id\":\"https:\\\/\\\/ingeborgmatula.com\\\/de\\\/galerie\\\/#breadcrumb\"},\"inLanguage\":\"de\",\"potentialAction\":[{\"@type\":\"ReadAction\",\"target\":[\"https:\\\/\\\/ingeborgmatula.com\\\/de\\\/galerie\\\/\"]}]},{\"@type\":\"BreadcrumbList\",\"@id\":\"https:\\\/\\\/ingeborgmatula.com\\\/de\\\/galerie\\\/#breadcrumb\",\"itemListElement\":[{\"@type\":\"ListItem\",\"position\":1,\"name\":\"Startseite\",\"item\":\"https:\\\/\\\/ingeborgmatula.com\\\/de\\\/\"},{\"@type\":\"ListItem\",\"position\":2,\"name\":\"Online Galerie\"}]},{\"@type\":\"WebSite\",\"@id\":\"https:\\\/\\\/ingeborgmatula.com\\\/de\\\/#website\",\"url\":\"https:\\\/\\\/ingeborgmatula.com\\\/de\\\/\",\"name\":\"Ingeborg Matula\",\"description\":\"freischaffende K\u00fcnstlerin\",\"publisher\":{\"@id\":\"https:\\\/\\\/ingeborgmatula.com\\\/de\\\/#\\\/schema\\\/person\\\/65f46c3cfc31bdc421ac97d3a48a0cd5\"},\"potentialAction\":[{\"@type\":\"SearchAction\",\"target\":{\"@type\":\"EntryPoint\",\"urlTemplate\":\"https:\\\/\\\/ingeborgmatula.com\\\/de\\\/?s={search_term_string}\"},\"query-input\":{\"@type\":\"PropertyValueSpecification\",\"valueRequired\":true,\"valueName\":\"search_term_string\"}}],\"inLanguage\":\"de\"},{\"@type\":[\"Person\",\"Organization\"],\"@id\":\"https:\\\/\\\/ingeborgmatula.com\\\/de\\\/#\\\/schema\\\/person\\\/65f46c3cfc31bdc421ac97d3a48a0cd5\",\"name\":\"Ingeborg Matula\",\"image\":{\"@type\":\"ImageObject\",\"inLanguage\":\"de\",\"@id\":\"https:\\\/\\\/ingeborgmatula.com\\\/wp-content\\\/uploads\\\/2013\\\/10\\\/ingeborg-matula-03.jpg\",\"url\":\"https:\\\/\\\/ingeborgmatula.com\\\/wp-content\\\/uploads\\\/2013\\\/10\\\/ingeborg-matula-03.jpg\",\"contentUrl\":\"https:\\\/\\\/ingeborgmatula.com\\\/wp-content\\\/uploads\\\/2013\\\/10\\\/ingeborg-matula-03.jpg\",\"width\":1200,\"height\":799,\"caption\":\"Ingeborg Matula\"},\"logo\":{\"@id\":\"https:\\\/\\\/ingeborgmatula.com\\\/wp-content\\\/uploads\\\/2013\\\/10\\\/ingeborg-matula-03.jpg\"},\"sameAs\":[\"https:\\\/\\\/ingeborgmatula.com\"]}]}<\/script>\n<!-- \/ Yoast SEO plugin. -->","yoast_head_json":{"title":"Ingeborg Matula - Online Galerie","robots":{"index":"index","follow":"follow","max-snippet":"max-snippet:-1","max-image-preview":"max-image-preview:large","max-video-preview":"max-video-preview:-1"},"canonical":"https:\/\/ingeborgmatula.com\/de\/galerie\/","og_locale":"de_DE","og_type":"article","og_title":"Ingeborg Matula - Online Galerie","og_description":"[vc_row][vc_column][vc_column_text css=&#8220;.vc_custom_1621282413393{margin-bottom: 14px !important;}&#8220;] Willkommen in meiner Online Galerie! [\/vc_column_text][\/vc_column][\/vc_row][vc_row margin_bottom=&#8220;20&#8243; css=&#8220;.vc_custom_1620753424260{margin-bottom: 20px !important;}&#8220;][vc_column width=&#8220;1\/2&#8243;][vc_column_text]In meiner nun mehr als 20-j\u00e4hrigen k\u00fcnstlerischen T\u00e4tigkeit als Malerin entstanden \u00fcber 300 Werke in den verschiedensten Maltechniken, Stilen und Kategorien. Um Ihnen einen Eindruck von der Vielf\u00e4ltigkeit meiner Arbeit zu geben, habe ich eine spezielle Auswahl an Bildern in meiner&hellip;","og_url":"https:\/\/ingeborgmatula.com\/de\/galerie\/","og_site_name":"Ingeborg Matula","article_modified_time":"2026-03-30T10:36:02+00:00","twitter_card":"summary_large_image","twitter_misc":{"Gesch\u00e4tzte Lesezeit":"1\u00a0Minute"},"schema":{"@context":"https:\/\/schema.org","@graph":[{"@type":"WebPage","@id":"https:\/\/ingeborgmatula.com\/de\/galerie\/","url":"https:\/\/ingeborgmatula.com\/de\/galerie\/","name":"Ingeborg Matula - Online Galerie","isPartOf":{"@id":"https:\/\/ingeborgmatula.com\/de\/#website"},"datePublished":"2013-08-08T10:36:03+00:00","dateModified":"2026-03-30T10:36:02+00:00","breadcrumb":{"@id":"https:\/\/ingeborgmatula.com\/de\/galerie\/#breadcrumb"},"inLanguage":"de","potentialAction":[{"@type":"ReadAction","target":["https:\/\/ingeborgmatula.com\/de\/galerie\/"]}]},{"@type":"BreadcrumbList","@id":"https:\/\/ingeborgmatula.com\/de\/galerie\/#breadcrumb","itemListElement":[{"@type":"ListItem","position":1,"name":"Startseite","item":"https:\/\/ingeborgmatula.com\/de\/"},{"@type":"ListItem","position":2,"name":"Online Galerie"}]},{"@type":"WebSite","@id":"https:\/\/ingeborgmatula.com\/de\/#website","url":"https:\/\/ingeborgmatula.com\/de\/","name":"Ingeborg Matula","description":"freischaffende K\u00fcnstlerin","publisher":{"@id":"https:\/\/ingeborgmatula.com\/de\/#\/schema\/person\/65f46c3cfc31bdc421ac97d3a48a0cd5"},"potentialAction":[{"@type":"SearchAction","target":{"@type":"EntryPoint","urlTemplate":"https:\/\/ingeborgmatula.com\/de\/?s={search_term_string}"},"query-input":{"@type":"PropertyValueSpecification","valueRequired":true,"valueName":"search_term_string"}}],"inLanguage":"de"},{"@type":["Person","Organization"],"@id":"https:\/\/ingeborgmatula.com\/de\/#\/schema\/person\/65f46c3cfc31bdc421ac97d3a48a0cd5","name":"Ingeborg Matula","image":{"@type":"ImageObject","inLanguage":"de","@id":"https:\/\/ingeborgmatula.com\/wp-content\/uploads\/2013\/10\/ingeborg-matula-03.jpg","url":"https:\/\/ingeborgmatula.com\/wp-content\/uploads\/2013\/10\/ingeborg-matula-03.jpg","contentUrl":"https:\/\/ingeborgmatula.com\/wp-content\/uploads\/2013\/10\/ingeborg-matula-03.jpg","width":1200,"height":799,"caption":"Ingeborg Matula"},"logo":{"@id":"https:\/\/ingeborgmatula.com\/wp-content\/uploads\/2013\/10\/ingeborg-matula-03.jpg"},"sameAs":["https:\/\/ingeborgmatula.com"]}]}},"_links":{"self":[{"href":"https:\/\/ingeborgmatula.com\/de\/wp-json\/wp\/v2\/pages\/42721","targetHints":{"allow":["GET"]}}],"collection":[{"href":"https:\/\/ingeborgmatula.com\/de\/wp-json\/wp\/v2\/pages"}],"about":[{"href":"https:\/\/ingeborgmatula.com\/de\/wp-json\/wp\/v2\/types\/page"}],"author":[{"embeddable":true,"href":"https:\/\/ingeborgmatula.com\/de\/wp-json\/wp\/v2\/users\/1"}],"replies":[{"embeddable":true,"href":"https:\/\/ingeborgmatula.com\/de\/wp-json\/wp\/v2\/comments?post=42721"}],"version-history":[{"count":35,"href":"https:\/\/ingeborgmatula.com\/de\/wp-json\/wp\/v2\/pages\/42721\/revisions"}],"predecessor-version":[{"id":51705,"href":"https:\/\/ingeborgmatula.com\/de\/wp-json\/wp\/v2\/pages\/42721\/revisions\/51705"}],"wp:attachment":[{"href":"https:\/\/ingeborgmatula.com\/de\/wp-json\/wp\/v2\/media?parent=42721"}],"curies":[{"name":"wp","href":"https:\/\/api.w.org\/{rel}","templated":true}]}}